{"id":116,"date":"2026-01-29T18:27:44","date_gmt":"2026-01-29T15:27:44","guid":{"rendered":"https:\/\/akdemirhaliyikama.com.tr\/?page_id=116"},"modified":"2026-01-29T18:28:18","modified_gmt":"2026-01-29T15:28:18","slug":"stor-perde-yikama","status":"publish","type":"page","link":"https:\/\/akdemirhaliyikama.com.tr\/index.php\/stor-perde-yikama\/","title":{"rendered":"Stor Perde Y\u0131kama"},"content":{"rendered":"\t\t<div data-elementor-type=\"wp-page\" data-elementor-id=\"116\" class=\"elementor elementor-116\">\n\t\t\t\t<div class=\"elementor-element elementor-element-56d9062 e-flex e-con-boxed e-con e-parent\" data-id=\"56d9062\" data-element_type=\"container\">\n\t\t\t\t\t<div class=\"e-con-inner\">\n\t\t\t\t<div class=\"elementor-element elementor-element-35c22ee elementor-widget elementor-widget-heading\" data-id=\"35c22ee\" data-element_type=\"widget\" data-widget_type=\"heading.default\">\n\t\t\t\t\t<h2 class=\"elementor-heading-title elementor-size-default\">Stor Perde Y\u0131kama<\/h2>\t\t\t\t<\/div>\n\t\t\t\t\t<\/div>\n\t\t\t\t<\/div>\n\t\t<div class=\"elementor-element elementor-element-6dfe8eb e-flex e-con-boxed e-con e-parent\" data-id=\"6dfe8eb\" data-element_type=\"container\">\n\t\t\t\t\t<div class=\"e-con-inner\">\n\t\t\t\t<div class=\"elementor-element elementor-element-20397a4 elementor-widget elementor-widget-text-editor\" data-id=\"20397a4\" data-element_type=\"widget\" data-widget_type=\"text-editor.default\">\n\t\t\t\t\t\t\t\t\t<p><span style=\"color: rgb(51, 51, 51); font-family: &quot;Helvetica Neue&quot;, Helvetica, Arial, sans-serif; font-size: 14px; text-align: justify; background-color: rgb(243, 241, 242);\">Evinizi g\u00fczelle\u015ftiren perdelerinizin temizli\u011fi \u00e7ok \u00f6nemlidir. Perdeler genelde g\u00f6z \u00f6n\u00fcnde bulundu\u011fu temiz kalmas\u0131 her\u015feyden \u00f6nemlidir.<\/span><br style=\"color: rgb(51, 51, 51); font-family: &quot;Helvetica Neue&quot;, Helvetica, Arial, sans-serif; font-size: 14px; text-align: justify; background-color: rgb(243, 241, 242);\"><br style=\"color: rgb(51, 51, 51); font-family: &quot;Helvetica Neue&quot;, Helvetica, Arial, sans-serif; font-size: 14px; text-align: justify; background-color: rgb(243, 241, 242);\"><span style=\"color: rgb(51, 51, 51); font-family: &quot;Helvetica Neue&quot;, Helvetica, Arial, sans-serif; font-size: 14px; text-align: justify; background-color: rgb(243, 241, 242);\">&nbsp;&nbsp;&nbsp;&nbsp;&nbsp;&nbsp;&nbsp;<\/span><span style=\"font-weight: 700; color: rgb(51, 51, 51); font-family: &quot;Helvetica Neue&quot;, Helvetica, Arial, sans-serif; font-size: 14px; text-align: justify; background-color: rgb(243, 241, 242);\">Zebra ve Stor Perde Y\u0131kama<\/span><br style=\"color: rgb(51, 51, 51); font-family: &quot;Helvetica Neue&quot;, Helvetica, Arial, sans-serif; font-size: 14px; text-align: justify; background-color: rgb(243, 241, 242);\"><span style=\"color: rgb(51, 51, 51); font-family: &quot;Helvetica Neue&quot;, Helvetica, Arial, sans-serif; font-size: 14px; text-align: justify; background-color: rgb(243, 241, 242);\">&nbsp;&nbsp;&nbsp;&nbsp;&nbsp; Normal perdeleriniz kolayl\u0131kla y\u0131kanabilir ancak stor perdeler \u00f6zel kuma\u015flardan yap\u0131ld\u0131\u011f\u0131 i\u00e7in y\u0131kamalar\u0131 \u00f6zenle yap\u0131yoruz. Stor perdeleriniz son teknoloji makinelerde y\u0131kanmaktad\u0131r. Zebra ve Stor Perde Y\u0131kama ayr\u0131ca kullan\u0131lan \u00f6zel s\u0131v\u0131lar sayesinde perdeleriniz hijyenik ve sa\u011fl\u0131kl\u0131 oluyor.<\/span><br style=\"color: rgb(51, 51, 51); font-family: &quot;Helvetica Neue&quot;, Helvetica, Arial, sans-serif; font-size: 14px; text-align: justify; background-color: rgb(243, 241, 242);\"><br style=\"color: rgb(51, 51, 51); font-family: &quot;Helvetica Neue&quot;, Helvetica, Arial, sans-serif; font-size: 14px; text-align: justify; background-color: rgb(243, 241, 242);\"><span style=\"color: rgb(51, 51, 51); font-family: &quot;Helvetica Neue&quot;, Helvetica, Arial, sans-serif; font-size: 14px; text-align: justify; background-color: rgb(243, 241, 242);\">&nbsp;&nbsp;&nbsp;&nbsp;&nbsp;Zebra ve Stor Perde Y\u0131kama da son olarak y\u0131kanan perdeleriniz yine profesyonel ekibimiz sayesinde hijyenik po\u015fetlere sar\u0131larak adresinize getiriliyor.<\/span><\/p>\t\t\t\t\t\t\t\t<\/div>\n\t\t\t\t\t<\/div>\n\t\t\t\t<\/div>\n\t\t\t\t<\/div>\n\t\t","protected":false},"excerpt":{"rendered":"<p>Stor Perde Y\u0131kama Evinizi g\u00fczelle\u015ftiren perdelerinizin temizli\u011fi \u00e7ok \u00f6nemlidir. Perdeler genelde g\u00f6z \u00f6n\u00fcnde bulundu\u011fu temiz kalmas\u0131 her\u015feyden \u00f6nemlidir.&nbsp;&nbsp;&nbsp;&nbsp;&nbsp;&nbsp;&nbsp;Zebra ve Stor Perde Y\u0131kama&nbsp;&nbsp;&nbsp;&nbsp;&nbsp; Normal perdeleriniz kolayl\u0131kla y\u0131kanabilir ancak stor perdeler \u00f6zel kuma\u015flardan yap\u0131ld\u0131\u011f\u0131 i\u00e7in y\u0131kamalar\u0131 \u00f6zenle yap\u0131yoruz. Stor perdeleriniz son teknoloji makinelerde y\u0131kanmaktad\u0131r. Zebra ve Stor Perde Y\u0131kama ayr\u0131ca kullan\u0131lan \u00f6zel s\u0131v\u0131lar sayesinde perdeleriniz hijyenik ve [&hellip;]<\/p>\n","protected":false},"author":1,"featured_media":0,"parent":0,"menu_order":0,"comment_status":"closed","ping_status":"closed","template":"","meta":{"footnotes":""},"class_list":["post-116","page","type-page","status-publish","hentry"],"_links":{"self":[{"href":"https:\/\/akdemirhaliyikama.com.tr\/index.php\/wp-json\/wp\/v2\/pages\/116","targetHints":{"allow":["GET"]}}],"collection":[{"href":"https:\/\/akdemirhaliyikama.com.tr\/index.php\/wp-json\/wp\/v2\/pages"}],"about":[{"href":"https:\/\/akdemirhaliyikama.com.tr\/index.php\/wp-json\/wp\/v2\/types\/page"}],"author":[{"embeddable":true,"href":"https:\/\/akdemirhaliyikama.com.tr\/index.php\/wp-json\/wp\/v2\/users\/1"}],"replies":[{"embeddable":true,"href":"https:\/\/akdemirhaliyikama.com.tr\/index.php\/wp-json\/wp\/v2\/comments?post=116"}],"version-history":[{"count":4,"href":"https:\/\/akdemirhaliyikama.com.tr\/index.php\/wp-json\/wp\/v2\/pages\/116\/revisions"}],"predecessor-version":[{"id":120,"href":"https:\/\/akdemirhaliyikama.com.tr\/index.php\/wp-json\/wp\/v2\/pages\/116\/revisions\/120"}],"wp:attachment":[{"href":"https:\/\/akdemirhaliyikama.com.tr\/index.php\/wp-json\/wp\/v2\/media?parent=116"}],"curies":[{"name":"wp","href":"https:\/\/api.w.org\/{rel}","templated":true}]}}