{"id":45,"date":"2026-01-08T07:42:02","date_gmt":"2026-01-08T04:42:02","guid":{"rendered":"https:\/\/akdemirhaliyikama.com.tr\/?page_id=45"},"modified":"2026-01-29T17:56:53","modified_gmt":"2026-01-29T14:56:53","slug":"iletisim","status":"publish","type":"page","link":"https:\/\/akdemirhaliyikama.com.tr\/index.php\/iletisim\/","title":{"rendered":"\u0130leti\u015fim"},"content":{"rendered":"\t\t<div data-elementor-type=\"wp-page\" data-elementor-id=\"45\" class=\"elementor elementor-45\">\n\t\t\t\t<div class=\"elementor-element elementor-element-476e7f76 e-flex e-con-boxed e-con e-parent\" data-id=\"476e7f76\" data-element_type=\"container\">\n\t\t\t\t\t<div class=\"e-con-inner\">\n\t\t\t\t<div class=\"elementor-element elementor-element-7e051152 elementor-widget elementor-widget-text-editor\" data-id=\"7e051152\" data-element_type=\"widget\" data-widget_type=\"text-editor.default\">\n\t\t\t\t\t\t\t\t\t<p><\/p>\n<p><iframe style=\"border: 0;\" src=\"https:\/\/www.google.com\/maps\/embed?pb=!1m18!1m12!1m3!1d3126.9813280294534!2d27.105968076458733!3d38.395680776150726!2m3!1f0!2f0!3f0!3m2!1i1024!2i768!4f13.1!3m3!1m2!1s0x14bbdecb893d6187%3A0x25f1e170155180f7!2sVatan%2C%209059.%20Sk.%2041%20A%2C%2035160%20Karaba%C4%9Flar%2F%C4%B0zmir!5e0!3m2!1str!2str!4v1767847263095!5m2!1str!2str\" width=\"600\" height=\"450\" allowfullscreen=\"allowfullscreen\"><\/iframe><\/p>\n<p><\/p>\n<h3>A\u015fa\u011f\u0131daki \u0130leti\u015fim Bilgilerimizden Bizlere Ula\u015fabilirsiniz.<\/h3>\n<p><\/p>\n<ul>\n<li><a href=\"tel:+902322436969\">Telefon 1 : +90 232 243 69 69<\/a><\/li>\n<li><a href=\"tel:+905352751355\">Telefon 2 : +90 535 275 13 55<\/a><\/li>\n<li>Mail : info@akdemirhaliyikama.com.tr<\/li>\n<\/ul>\n<p><\/p>\n<p><\/p>\t\t\t\t\t\t\t\t<\/div>\n\t\t\t\t\t<\/div>\n\t\t\t\t<\/div>\n\t\t\t\t<\/div>\n\t\t","protected":false},"excerpt":{"rendered":"<p>A\u015fa\u011f\u0131daki \u0130leti\u015fim Bilgilerimizden Bizlere Ula\u015fabilirsiniz. Telefon 1 : +90 232 243 69 69 Telefon 2 : +90 535 275 13 55 Mail : info@akdemirhaliyikama.com.tr<\/p>\n","protected":false},"author":1,"featured_media":0,"parent":0,"menu_order":0,"comment_status":"closed","ping_status":"closed","template":"","meta":{"footnotes":""},"class_list":["post-45","page","type-page","status-publish","hentry"],"_links":{"self":[{"href":"https:\/\/akdemirhaliyikama.com.tr\/index.php\/wp-json\/wp\/v2\/pages\/45","targetHints":{"allow":["GET"]}}],"collection":[{"href":"https:\/\/akdemirhaliyikama.com.tr\/index.php\/wp-json\/wp\/v2\/pages"}],"about":[{"href":"https:\/\/akdemirhaliyikama.com.tr\/index.php\/wp-json\/wp\/v2\/types\/page"}],"author":[{"embeddable":true,"href":"https:\/\/akdemirhaliyikama.com.tr\/index.php\/wp-json\/wp\/v2\/users\/1"}],"replies":[{"embeddable":true,"href":"https:\/\/akdemirhaliyikama.com.tr\/index.php\/wp-json\/wp\/v2\/comments?post=45"}],"version-history":[{"count":6,"href":"https:\/\/akdemirhaliyikama.com.tr\/index.php\/wp-json\/wp\/v2\/pages\/45\/revisions"}],"predecessor-version":[{"id":83,"href":"https:\/\/akdemirhaliyikama.com.tr\/index.php\/wp-json\/wp\/v2\/pages\/45\/revisions\/83"}],"wp:attachment":[{"href":"https:\/\/akdemirhaliyikama.com.tr\/index.php\/wp-json\/wp\/v2\/media?parent=45"}],"curies":[{"name":"wp","href":"https:\/\/api.w.org\/{rel}","templated":true}]}}