{"id":92,"date":"2026-01-29T18:18:15","date_gmt":"2026-01-29T15:18:15","guid":{"rendered":"https:\/\/akdemirhaliyikama.com.tr\/?page_id=92"},"modified":"2026-01-30T16:55:49","modified_gmt":"2026-01-30T13:55:49","slug":"karabaglar-hali-yikama","status":"publish","type":"page","link":"https:\/\/akdemirhaliyikama.com.tr\/index.php\/karabaglar-hali-yikama\/","title":{"rendered":"Hal\u0131 Y\u0131kama"},"content":{"rendered":"\t\t<div data-elementor-type=\"wp-page\" data-elementor-id=\"92\" class=\"elementor elementor-92\">\n\t\t\t\t<div class=\"elementor-element elementor-element-49531cd e-flex e-con-boxed e-con e-parent\" data-id=\"49531cd\" data-element_type=\"container\">\n\t\t\t\t\t<div class=\"e-con-inner\">\n\t\t\t\t<div class=\"elementor-element elementor-element-1b80e45 elementor-widget elementor-widget-heading\" data-id=\"1b80e45\" data-element_type=\"widget\" data-widget_type=\"heading.default\">\n\t\t\t\t\t<h2 class=\"elementor-heading-title elementor-size-default\">\u0130zmir Hal\u0131 Y\u0131kama<\/h2>\t\t\t\t<\/div>\n\t\t\t\t\t<\/div>\n\t\t\t\t<\/div>\n\t\t<div class=\"elementor-element elementor-element-44301b1 e-flex e-con-boxed e-con e-parent\" data-id=\"44301b1\" data-element_type=\"container\">\n\t\t\t\t\t<div class=\"e-con-inner\">\n\t\t\t\t<div class=\"elementor-element elementor-element-d5d5c7b elementor-widget elementor-widget-text-editor\" data-id=\"d5d5c7b\" data-element_type=\"widget\" data-widget_type=\"text-editor.default\">\n\t\t\t\t\t\t\t\t\t<p><span style=\"color: #333333; font-family: 'Helvetica Neue', Helvetica, Arial, sans-serif; font-size: 14px; text-align: justify; background-color: #f3f1f2;\">Hal\u0131lar\u0131n\u0131z %100 do\u011fal \u015fampuanlarla makinelerde y\u0131kanmaktad\u0131r. \u0130yice y\u0131kand\u0131ktan sonra hal\u0131m\u0131z durulan\u0131p vakumlan\u0131r. Ayr\u0131ca hal\u0131da ekstra bir leke varsa \u00f6zel olarak lekeye i\u015flem uygulan\u0131r.<\/span><br style=\"color: #333333; font-family: 'Helvetica Neue', Helvetica, Arial, sans-serif; font-size: 14px; text-align: justify; background-color: #f3f1f2;\" \/><br style=\"color: #333333; font-family: 'Helvetica Neue', Helvetica, Arial, sans-serif; font-size: 14px; text-align: justify; background-color: #f3f1f2;\" \/><span style=\"font-weight: bold; color: #333333; font-family: 'Helvetica Neue', Helvetica, Arial, sans-serif; font-size: 14px; text-align: justify; background-color: #f3f1f2;\">Santrif\u00fcj<\/span><br style=\"color: #333333; font-family: 'Helvetica Neue', Helvetica, Arial, sans-serif; font-size: 14px; text-align: justify; background-color: #f3f1f2;\" \/><span style=\"color: #333333; font-family: 'Helvetica Neue', Helvetica, Arial, sans-serif; font-size: 14px; text-align: justify; background-color: #f3f1f2;\">Santrif\u00fcj tam olarak hal\u0131lar\u0131m\u0131z y\u0131kand\u0131ktan sonra fazla suyunun tam otomatik hal\u0131 y\u0131kama makinas\u0131ndan hal\u0131n\u0131n cinsine g\u00f6re uygun devirde s\u0131k\u0131larak fazla suyu at\u0131l\u0131r. Hal\u0131 suyunun \u00e7\u0131kar\u0131lmas\u0131 hal\u0131n\u0131n daha \u00e7abuk kurumas\u0131na ve hal\u0131 ilmiklerinin y\u0131pranmas\u0131n\u0131 \u00f6nler. Hal\u0131n\u0131n makineye girip s\u0131k\u0131lmas\u0131 hal\u0131ya herhangi bir zarar vermez.<\/span><br style=\"color: #333333; font-family: 'Helvetica Neue', Helvetica, Arial, sans-serif; font-size: 14px; text-align: justify; background-color: #f3f1f2;\" \/><br style=\"color: #333333; font-family: 'Helvetica Neue', Helvetica, Arial, sans-serif; font-size: 14px; text-align: justify; background-color: #f3f1f2;\" \/><span style=\"font-weight: bold; color: #333333; font-family: 'Helvetica Neue', Helvetica, Arial, sans-serif; font-size: 14px; text-align: justify; background-color: #f3f1f2;\">Havaland\u0131rma Ask\u0131lar\u0131<\/span><br style=\"color: #333333; font-family: 'Helvetica Neue', Helvetica, Arial, sans-serif; font-size: 14px; text-align: justify; background-color: #f3f1f2;\" \/><span style=\"color: #333333; font-family: 'Helvetica Neue', Helvetica, Arial, sans-serif; font-size: 14px; text-align: justify; background-color: #f3f1f2;\">Santrif\u00fcj\u2019den \u00e7\u0131kan hal\u0131lar kurutma odas\u0131na girmeden \u00f6nce havaland\u0131rma ask\u0131l\u0131klar\u0131nda havaland\u0131r\u0131l\u0131r. Daha sonra kurutma odas\u0131na al\u0131nan hal\u0131lar elektrikli, s\u0131cak hava \u00fcfleyen ve nemi \u00e7eken makinede 8 saat kurutulur.<\/span><br style=\"color: #333333; font-family: 'Helvetica Neue', Helvetica, Arial, sans-serif; font-size: 14px; text-align: justify; background-color: #f3f1f2;\" \/><br style=\"color: #333333; font-family: 'Helvetica Neue', Helvetica, Arial, sans-serif; font-size: 14px; text-align: justify; background-color: #f3f1f2;\" \/><span style=\"font-weight: bold; color: #333333; font-family: 'Helvetica Neue', Helvetica, Arial, sans-serif; font-size: 14px; text-align: justify; background-color: #f3f1f2;\">Hav Alma ve Paketleme<\/span><br style=\"color: #333333; font-family: 'Helvetica Neue', Helvetica, Arial, sans-serif; font-size: 14px; text-align: justify; background-color: #f3f1f2;\" \/><span style=\"color: #333333; font-family: 'Helvetica Neue', Helvetica, Arial, sans-serif; font-size: 14px; text-align: justify; background-color: #f3f1f2;\">Kurutma odas\u0131nda kuruyan hal\u0131lar\u0131mz\u0131 ald\u0131ktan sonra hav alma ve paketleme makinas\u0131na sokulur ve kalite kontrol\u00fcnden ge\u00e7irilir. \u00c7\u0131kmam\u0131\u015f lekesi olan varsa tekrar y\u0131kamaya yoksa paketlemeye ge\u00e7ilir.<\/span><br style=\"color: #333333; font-family: 'Helvetica Neue', Helvetica, Arial, sans-serif; font-size: 14px; text-align: justify; background-color: #f3f1f2;\" \/><br style=\"color: #333333; font-family: 'Helvetica Neue', Helvetica, Arial, sans-serif; font-size: 14px; text-align: justify; background-color: #f3f1f2;\" \/><span style=\"font-weight: bold; color: #333333; font-family: 'Helvetica Neue', Helvetica, Arial, sans-serif; font-size: 14px; text-align: justify; background-color: #f3f1f2;\">Hal\u0131 Paketleme<\/span><br style=\"color: #333333; font-family: 'Helvetica Neue', Helvetica, Arial, sans-serif; font-size: 14px; text-align: justify; background-color: #f3f1f2;\" \/><span style=\"color: #333333; font-family: 'Helvetica Neue', Helvetica, Arial, sans-serif; font-size: 14px; text-align: justify; background-color: #f3f1f2;\">Hav\u0131 al\u0131nan ve yat\u0131m\u0131na taranan hal\u0131lar ter temiz bir \u015fekilde m\u00fc\u015fteriye g\u00f6re ayr\u0131l\u0131r. En k\u0131sa s\u00fcrede m\u00fc\u015fteriye hal\u0131s\u0131 g\u00f6nderilir.<\/span><\/p>\t\t\t\t\t\t\t\t<\/div>\n\t\t\t\t\t<\/div>\n\t\t\t\t<\/div>\n\t\t\t\t<\/div>\n\t\t","protected":false},"excerpt":{"rendered":"<p>\u0130zmir Hal\u0131 Y\u0131kama Hal\u0131lar\u0131n\u0131z %100 do\u011fal \u015fampuanlarla makinelerde y\u0131kanmaktad\u0131r. \u0130yice y\u0131kand\u0131ktan sonra hal\u0131m\u0131z durulan\u0131p vakumlan\u0131r. Ayr\u0131ca hal\u0131da ekstra bir leke varsa \u00f6zel olarak lekeye i\u015flem uygulan\u0131r.Santrif\u00fcjSantrif\u00fcj tam olarak hal\u0131lar\u0131m\u0131z y\u0131kand\u0131ktan sonra fazla suyunun tam otomatik hal\u0131 y\u0131kama makinas\u0131ndan hal\u0131n\u0131n cinsine g\u00f6re uygun devirde s\u0131k\u0131larak fazla suyu at\u0131l\u0131r. Hal\u0131 suyunun \u00e7\u0131kar\u0131lmas\u0131 hal\u0131n\u0131n daha \u00e7abuk kurumas\u0131na ve [&hellip;]<\/p>\n","protected":false},"author":1,"featured_media":0,"parent":0,"menu_order":0,"comment_status":"closed","ping_status":"closed","template":"","meta":{"footnotes":""},"class_list":["post-92","page","type-page","status-publish","hentry"],"_links":{"self":[{"href":"https:\/\/akdemirhaliyikama.com.tr\/index.php\/wp-json\/wp\/v2\/pages\/92","targetHints":{"allow":["GET"]}}],"collection":[{"href":"https:\/\/akdemirhaliyikama.com.tr\/index.php\/wp-json\/wp\/v2\/pages"}],"about":[{"href":"https:\/\/akdemirhaliyikama.com.tr\/index.php\/wp-json\/wp\/v2\/types\/page"}],"author":[{"embeddable":true,"href":"https:\/\/akdemirhaliyikama.com.tr\/index.php\/wp-json\/wp\/v2\/users\/1"}],"replies":[{"embeddable":true,"href":"https:\/\/akdemirhaliyikama.com.tr\/index.php\/wp-json\/wp\/v2\/comments?post=92"}],"version-history":[{"count":5,"href":"https:\/\/akdemirhaliyikama.com.tr\/index.php\/wp-json\/wp\/v2\/pages\/92\/revisions"}],"predecessor-version":[{"id":97,"href":"https:\/\/akdemirhaliyikama.com.tr\/index.php\/wp-json\/wp\/v2\/pages\/92\/revisions\/97"}],"wp:attachment":[{"href":"https:\/\/akdemirhaliyikama.com.tr\/index.php\/wp-json\/wp\/v2\/media?parent=92"}],"curies":[{"name":"wp","href":"https:\/\/api.w.org\/{rel}","templated":true}]}}