{"id":98,"date":"2026-01-29T18:21:57","date_gmt":"2026-01-29T15:21:57","guid":{"rendered":"https:\/\/akdemirhaliyikama.com.tr\/?page_id=98"},"modified":"2026-01-30T16:57:58","modified_gmt":"2026-01-30T13:57:58","slug":"karabaglar-koltuk-yikama","status":"publish","type":"page","link":"https:\/\/akdemirhaliyikama.com.tr\/index.php\/karabaglar-koltuk-yikama\/","title":{"rendered":"Koltuk Y\u0131kama"},"content":{"rendered":"\t\t<div data-elementor-type=\"wp-page\" data-elementor-id=\"98\" class=\"elementor elementor-98\">\n\t\t\t\t<div class=\"elementor-element elementor-element-87f635b e-flex e-con-boxed e-con e-parent\" data-id=\"87f635b\" data-element_type=\"container\">\n\t\t\t\t\t<div class=\"e-con-inner\">\n\t\t\t\t<div class=\"elementor-element elementor-element-89ce53b elementor-widget elementor-widget-heading\" data-id=\"89ce53b\" data-element_type=\"widget\" data-widget_type=\"heading.default\">\n\t\t\t\t\t<h2 class=\"elementor-heading-title elementor-size-default\">Koltuk Y\u0131kama<\/h2>\t\t\t\t<\/div>\n\t\t\t\t\t<\/div>\n\t\t\t\t<\/div>\n\t\t<div class=\"elementor-element elementor-element-7524536 e-flex e-con-boxed e-con e-parent\" data-id=\"7524536\" data-element_type=\"container\">\n\t\t\t\t\t<div class=\"e-con-inner\">\n\t\t\t\t<div class=\"elementor-element elementor-element-fbfcc02 elementor-widget elementor-widget-text-editor\" data-id=\"fbfcc02\" data-element_type=\"widget\" data-widget_type=\"text-editor.default\">\n\t\t\t\t\t\t\t\t\t<p><span style=\"color: rgb(51, 51, 51); font-family: &quot;Helvetica Neue&quot;, Helvetica, Arial, sans-serif; font-size: 14px; text-align: justify; background-color: rgb(243, 241, 242);\">Di\u011fer koltuk y\u0131kamac\u0131lar\u0131ndan farkl\u0131 olarak profesyonel uzman ekibi sayesinde k\u00f6p\u00fckl\u00fc y\u0131kama teknolojisiyle hizmet veriyoruz.<\/span><br style=\"color: rgb(51, 51, 51); font-family: &quot;Helvetica Neue&quot;, Helvetica, Arial, sans-serif; font-size: 14px; text-align: justify; background-color: rgb(243, 241, 242);\"><br style=\"color: rgb(51, 51, 51); font-family: &quot;Helvetica Neue&quot;, Helvetica, Arial, sans-serif; font-size: 14px; text-align: justify; background-color: rgb(243, 241, 242);\"><span style=\"color: rgb(51, 51, 51); font-family: &quot;Helvetica Neue&quot;, Helvetica, Arial, sans-serif; font-size: 14px; text-align: justify; background-color: rgb(243, 241, 242);\">&nbsp;&nbsp;&nbsp;&nbsp;&nbsp;&nbsp; Koltu\u011fa d\u00f6k\u00fclen ya\u011f, \u00e7ay hatta \u00e7ocuklar\u0131n\u0131z\u0131n kirletti\u011fi koltuklar\u0131n\u0131z\u0131 art\u0131k temizlemesi \u00e7ok kolay. Koltu\u011funuza \u00f6rt\u00fc \u00f6rtmediyseniz koltu\u011funuz daha \u00e7abuk kirlenecektir. Baz\u0131 durumlarda \u00f6rt\u00fc \u00f6rtseniz dahi s\u0131v\u0131 bir madde d\u00f6k\u00fcld\u00fc\u011f\u00fcnde koltu\u011funuz kirlenecektir. Koltu\u011funuzda bulunan ter kokusu, Sigara kokusu, soba isi ve kalem izleri gibi her \u015feyi temizlenir. Koltuklar en iyi ve en sa\u011fl\u0131kl\u0131 y\u00f6ntem sulu y\u0131kama sistemidir.<\/span><br style=\"color: rgb(51, 51, 51); font-family: &quot;Helvetica Neue&quot;, Helvetica, Arial, sans-serif; font-size: 14px; text-align: justify; background-color: rgb(243, 241, 242);\"><br style=\"color: rgb(51, 51, 51); font-family: &quot;Helvetica Neue&quot;, Helvetica, Arial, sans-serif; font-size: 14px; text-align: justify; background-color: rgb(243, 241, 242);\"><span style=\"color: rgb(51, 51, 51); font-family: &quot;Helvetica Neue&quot;, Helvetica, Arial, sans-serif; font-size: 14px; text-align: justify; background-color: rgb(243, 241, 242);\">&nbsp;&nbsp;&nbsp;&nbsp;&nbsp;&nbsp; Akdemir koltuk y\u0131kama hal\u0131 y\u0131kamada oldu\u011fu gibi \u00fczerindeki tozlar ve pislikler al\u0131narak y\u0131kama i\u015flemine ba\u015flan\u0131r. Koltuklar i\u00e7in \u00f6zel haz\u0131rlanan s\u0131v\u0131y\u0131 makinemize bo\u015falt\u0131yoruz. Daha sonra makinemize koydu\u011fumuz s\u0131v\u0131y\u0131 \u00fczerine p\u00fcsk\u00fcrterek y\u0131k\u0131yoruz. Kirler belli bir s\u00fcre yumu\u015fad\u0131ktan sonra vakumlama i\u015flemine ge\u00e7ilir. Vakumlama sonras\u0131nda gerekli g\u00f6r\u00fclen yerlerde oturma ve kol b\u00f6lgelerine y\u0131kama tekrarlan\u0131or. Ayr\u0131ca lekeli ve yo\u011fun kirli yerler var ise \u00f6zel olarak i\u015flem uygulan\u0131r.<\/span><br style=\"color: rgb(51, 51, 51); font-family: &quot;Helvetica Neue&quot;, Helvetica, Arial, sans-serif; font-size: 14px; text-align: justify; background-color: rgb(243, 241, 242);\"><span style=\"color: rgb(51, 51, 51); font-family: &quot;Helvetica Neue&quot;, Helvetica, Arial, sans-serif; font-size: 14px; text-align: justify; background-color: rgb(243, 241, 242);\">Koltu\u011funuz y\u0131kand\u0131ktan sonra 8 ve 12 saat aras\u0131nda kurumaya b\u0131rak\u0131l\u0131r. Senede 1 veya 2 sefer bu i\u015flemi ger\u00e7ekle\u015ftirirseniz daha sa\u011fl\u0131kl\u0131 olacakt\u0131r.<\/span><\/p>\t\t\t\t\t\t\t\t<\/div>\n\t\t\t\t\t<\/div>\n\t\t\t\t<\/div>\n\t\t\t\t<\/div>\n\t\t","protected":false},"excerpt":{"rendered":"<p>Koltuk Y\u0131kama Di\u011fer koltuk y\u0131kamac\u0131lar\u0131ndan farkl\u0131 olarak profesyonel uzman ekibi sayesinde k\u00f6p\u00fckl\u00fc y\u0131kama teknolojisiyle hizmet veriyoruz.&nbsp;&nbsp;&nbsp;&nbsp;&nbsp;&nbsp; Koltu\u011fa d\u00f6k\u00fclen ya\u011f, \u00e7ay hatta \u00e7ocuklar\u0131n\u0131z\u0131n kirletti\u011fi koltuklar\u0131n\u0131z\u0131 art\u0131k temizlemesi \u00e7ok kolay. Koltu\u011funuza \u00f6rt\u00fc \u00f6rtmediyseniz koltu\u011funuz daha \u00e7abuk kirlenecektir. Baz\u0131 durumlarda \u00f6rt\u00fc \u00f6rtseniz dahi s\u0131v\u0131 bir madde d\u00f6k\u00fcld\u00fc\u011f\u00fcnde koltu\u011funuz kirlenecektir. Koltu\u011funuzda bulunan ter kokusu, Sigara kokusu, soba isi ve [&hellip;]<\/p>\n","protected":false},"author":1,"featured_media":0,"parent":0,"menu_order":0,"comment_status":"closed","ping_status":"closed","template":"","meta":{"footnotes":""},"class_list":["post-98","page","type-page","status-publish","hentry"],"_links":{"self":[{"href":"https:\/\/akdemirhaliyikama.com.tr\/index.php\/wp-json\/wp\/v2\/pages\/98","targetHints":{"allow":["GET"]}}],"collection":[{"href":"https:\/\/akdemirhaliyikama.com.tr\/index.php\/wp-json\/wp\/v2\/pages"}],"about":[{"href":"https:\/\/akdemirhaliyikama.com.tr\/index.php\/wp-json\/wp\/v2\/types\/page"}],"author":[{"embeddable":true,"href":"https:\/\/akdemirhaliyikama.com.tr\/index.php\/wp-json\/wp\/v2\/users\/1"}],"replies":[{"embeddable":true,"href":"https:\/\/akdemirhaliyikama.com.tr\/index.php\/wp-json\/wp\/v2\/comments?post=98"}],"version-history":[{"count":4,"href":"https:\/\/akdemirhaliyikama.com.tr\/index.php\/wp-json\/wp\/v2\/pages\/98\/revisions"}],"predecessor-version":[{"id":102,"href":"https:\/\/akdemirhaliyikama.com.tr\/index.php\/wp-json\/wp\/v2\/pages\/98\/revisions\/102"}],"wp:attachment":[{"href":"https:\/\/akdemirhaliyikama.com.tr\/index.php\/wp-json\/wp\/v2\/media?parent=98"}],"curies":[{"name":"wp","href":"https:\/\/api.w.org\/{rel}","templated":true}]}}